{"id":88,"date":"2021-07-27T19:13:26","date_gmt":"2021-07-27T19:13:26","guid":{"rendered":"https:\/\/arantzaortizdeurbina.com\/?page_id=88"},"modified":"2021-07-29T16:57:36","modified_gmt":"2021-07-29T16:57:36","slug":"aiso-legal","status":"publish","type":"page","link":"https:\/\/arantzaortizdeurbina.com\/index.php\/aiso-legal\/","title":{"rendered":"Aviso legal"},"content":{"rendered":"\t\t<div data-elementor-type=\"wp-page\" data-elementor-id=\"88\" class=\"elementor elementor-88\">\n\t\t\t\t\t\t<section class=\"elementor-section elementor-top-section elementor-element elementor-element-df12798 elementor-section-boxed elementor-section-height-default elementor-section-height-default\" data-id=\"df12798\" data-element_type=\"section\" data-e-type=\"section\">\n\t\t\t\t\t\t<div class=\"elementor-container elementor-column-gap-default\">\n\t\t\t\t\t<div class=\"elementor-column elementor-col-100 elementor-top-column elementor-element elementor-element-0081b51\" data-id=\"0081b51\" data-element_type=\"column\" data-e-type=\"column\">\n\t\t\t<div class=\"elementor-widget-wrap elementor-element-populated\">\n\t\t\t\t\t\t<div class=\"elementor-element elementor-element-ae3774a elementor-widget elementor-widget-heading\" data-id=\"ae3774a\" data-element_type=\"widget\" data-e-type=\"widget\" data-widget_type=\"heading.default\">\n\t\t\t\t<div class=\"elementor-widget-container\">\n\t\t\t\t\t<h1 class=\"elementor-heading-title elementor-size-default\">Aviso legal<\/h1>\t\t\t\t<\/div>\n\t\t\t\t<\/div>\n\t\t\t\t\t<\/div>\n\t\t<\/div>\n\t\t\t\t\t<\/div>\n\t\t<\/section>\n\t\t\t\t<section class=\"elementor-section elementor-top-section elementor-element elementor-element-6ae6716 elementor-section-boxed elementor-section-height-default elementor-section-height-default\" data-id=\"6ae6716\" data-element_type=\"section\" data-e-type=\"section\">\n\t\t\t\t\t\t<div class=\"elementor-container elementor-column-gap-default\">\n\t\t\t\t\t<div class=\"elementor-column elementor-col-100 elementor-top-column elementor-element elementor-element-f9920c7\" data-id=\"f9920c7\" data-element_type=\"column\" data-e-type=\"column\">\n\t\t\t<div class=\"elementor-widget-wrap elementor-element-populated\">\n\t\t\t\t\t\t<div class=\"elementor-element elementor-element-f7fe9e7 elementor-widget elementor-widget-text-editor\" data-id=\"f7fe9e7\" data-element_type=\"widget\" data-e-type=\"widget\" data-widget_type=\"text-editor.default\">\n\t\t\t\t<div class=\"elementor-widget-container\">\n\t\t\t\t\t\t\t\t\t<p><strong>AVISO LEGAL<\/strong><\/p><ol><li><strong> Datos Identificativos. <\/strong><\/li><\/ol><p>Este sitio web es titularidad de la empresa Mar\u00eda Ar\u00e1nzazu Ortiz de Urbina Sobrino con domicilio en Avenida de M\u00e9jico n\u00ba6 Planta 2-14 11405-Jerez de la Frontera y NIF 00397347E.<\/p><p>Puede contactar con nosotros a trav\u00e9s del tel\u00e9fono 659046901 o en la cuenta de correo electr\u00f3nico arantzaurbina@yahoo.es<\/p><ol start=\"2\"><li><strong> Introducci\u00f3n.<\/strong><\/li><\/ol><p>El presente aviso legal regula el uso del servicio del Sitio Web.<\/p><p>Al navegar por este Sitio Web, usted (en adelante, Usuario) acepta las presentes condiciones de uso y aviso legal, comprometi\u00e9ndose a su cumplimiento.<\/p><p>La Empresa se reserva el derecho de efectuar sin previo aviso las modificaciones, suspensiones, cancelaciones o restricciones, que considere oportunas en el Sitio Web, pudiendo cambiar el dise\u00f1o, presentaci\u00f3n o configuraci\u00f3n del Sitio Web, as\u00ed como los contenidos y servicios ofertados, y el contenido del aviso legal y dem\u00e1s condiciones de uso.<\/p><ol start=\"3\"><li><strong> Objeto. <\/strong><\/li><\/ol><p>Este aviso legal tiene por objeto describir las condiciones legales aplicables al acceso y uso por parte del Usuario a la informaci\u00f3n contenida en el Sitio Web.<\/p><p>El Usuario queda informado, y acepta, que el acceso al Sitio Web no supone, por s\u00ed mismo, el inicio de una relaci\u00f3n comercial o de otro tipo con la Empresa. Para contratar servicios o productos ofertados en el Sitio Web deber\u00e1 utilizar los canales habilitados al efecto, donde puede requerirse la aceptaci\u00f3n de nuevas condiciones legales, de compra o privacidad.<\/p><ol start=\"4\"><li><strong> Contenido y actualizaci\u00f3n<\/strong><\/li><\/ol><p>La empresa, realiza revisiones peri\u00f3dicas de los contenidos e informaci\u00f3n publicados en el Sitio Web, sin embargo, pueden no ser exhaustivos o no estar actualizados, por lo que la Empresa no asume responsabilidad alguna respecto de la falta de actualizaci\u00f3n o exactitud de la informaci\u00f3n, datos o contenidos publicados en el Sitio Web.<\/p><ol start=\"5\"><li><strong> Propiedad intelectual e industrial<\/strong><\/li><\/ol><p>Todos los elementos del Sitio Web tales como su programaci\u00f3n, c\u00f3digo fuente, textos, dise\u00f1os, presentaci\u00f3n, montaje, logotipos, im\u00e1genes, y cualquier otro elemento susceptible de contar con la protecci\u00f3n de los derechos de propiedad intelectual o industrial, son titularidad exclusiva de la Empresa o bien dispone de autorizaci\u00f3n o licencia respecto de los titulares de sus derechos de explotaci\u00f3n.<\/p><ol start=\"6\"><li><strong> Legislaci\u00f3n aplicable<\/strong><\/li><\/ol><p>La ley aplicable en caso de disputa o conflicto de interpretaci\u00f3n de los t\u00e9rminos que conforman este aviso legal, as\u00ed como cualquier cuesti\u00f3n relacionada con los servicios del Sitio Web, ser\u00e1 la ley espa\u00f1ola.<\/p>\t\t\t\t\t\t\t\t<\/div>\n\t\t\t\t<\/div>\n\t\t\t\t\t<\/div>\n\t\t<\/div>\n\t\t\t\t\t<\/div>\n\t\t<\/section>\n\t\t\t\t<\/div>\n\t\t","protected":false},"excerpt":{"rendered":"<p>Aviso legal AVISO LEGAL Datos Identificativos. Este sitio web es titularidad de la empresa Mar\u00eda Ar\u00e1nzazu Ortiz de Urbina Sobrino con domicilio en Avenida de M\u00e9jico n\u00ba6 Planta 2-14 11405-Jerez de la Frontera y NIF 00397347E. Puede contactar con nosotros a trav\u00e9s del tel\u00e9fono 659046901 o en la cuenta de correo electr\u00f3nico arantzaurbina@yahoo.es Introducci\u00f3n. El [&hellip;]<\/p>\n","protected":false},"author":1,"featured_media":0,"parent":0,"menu_order":0,"comment_status":"closed","ping_status":"closed","template":"","meta":{"footnotes":""},"class_list":["post-88","page","type-page","status-publish","hentry"],"blocksy_meta":[],"_links":{"self":[{"href":"https:\/\/arantzaortizdeurbina.com\/index.php\/wp-json\/wp\/v2\/pages\/88","targetHints":{"allow":["GET"]}}],"collection":[{"href":"https:\/\/arantzaortizdeurbina.com\/index.php\/wp-json\/wp\/v2\/pages"}],"about":[{"href":"https:\/\/arantzaortizdeurbina.com\/index.php\/wp-json\/wp\/v2\/types\/page"}],"author":[{"embeddable":true,"href":"https:\/\/arantzaortizdeurbina.com\/index.php\/wp-json\/wp\/v2\/users\/1"}],"replies":[{"embeddable":true,"href":"https:\/\/arantzaortizdeurbina.com\/index.php\/wp-json\/wp\/v2\/comments?post=88"}],"version-history":[{"count":14,"href":"https:\/\/arantzaortizdeurbina.com\/index.php\/wp-json\/wp\/v2\/pages\/88\/revisions"}],"predecessor-version":[{"id":334,"href":"https:\/\/arantzaortizdeurbina.com\/index.php\/wp-json\/wp\/v2\/pages\/88\/revisions\/334"}],"wp:attachment":[{"href":"https:\/\/arantzaortizdeurbina.com\/index.php\/wp-json\/wp\/v2\/media?parent=88"}],"curies":[{"name":"wp","href":"https:\/\/api.w.org\/{rel}","templated":true}]}}