{"id":71,"date":"2021-07-27T19:07:40","date_gmt":"2021-07-27T19:07:40","guid":{"rendered":"https:\/\/arantzaortizdeurbina.com\/?page_id=71"},"modified":"2021-08-28T19:36:04","modified_gmt":"2021-08-28T19:36:04","slug":"icv","status":"publish","type":"page","link":"https:\/\/arantzaortizdeurbina.com\/index.php\/tratamiento\/icv\/","title":{"rendered":"ICV"},"content":{"rendered":"\t\t<div data-elementor-type=\"wp-page\" data-elementor-id=\"71\" class=\"elementor elementor-71\">\n\t\t\t\t\t\t<section class=\"elementor-section elementor-top-section elementor-element elementor-element-71488c2 elementor-section-boxed elementor-section-height-default elementor-section-height-default\" data-id=\"71488c2\" data-element_type=\"section\" data-e-type=\"section\">\n\t\t\t\t\t\t<div class=\"elementor-container elementor-column-gap-default\">\n\t\t\t\t\t<div class=\"elementor-column elementor-col-100 elementor-top-column elementor-element elementor-element-0e9fdec\" data-id=\"0e9fdec\" data-element_type=\"column\" data-e-type=\"column\">\n\t\t\t<div class=\"elementor-widget-wrap elementor-element-populated\">\n\t\t\t\t\t\t<div class=\"elementor-element elementor-element-381f448 elementor-widget elementor-widget-heading\" data-id=\"381f448\" data-element_type=\"widget\" data-e-type=\"widget\" data-widget_type=\"heading.default\">\n\t\t\t\t<div class=\"elementor-widget-container\">\n\t\t\t\t\t<div class=\"elementor-heading-title elementor-size-xl\">ICV<\/div>\t\t\t\t<\/div>\n\t\t\t\t<\/div>\n\t\t\t\t\t<\/div>\n\t\t<\/div>\n\t\t\t\t\t<\/div>\n\t\t<\/section>\n\t\t\t\t<section class=\"elementor-section elementor-top-section elementor-element elementor-element-094c491 elementor-section-boxed elementor-section-height-default elementor-section-height-default\" data-id=\"094c491\" data-element_type=\"section\" data-e-type=\"section\">\n\t\t\t\t\t\t<div class=\"elementor-container elementor-column-gap-default\">\n\t\t\t\t\t<div class=\"elementor-column elementor-col-100 elementor-top-column elementor-element elementor-element-9ae0613\" data-id=\"9ae0613\" data-element_type=\"column\" data-e-type=\"column\">\n\t\t\t<div class=\"elementor-widget-wrap elementor-element-populated\">\n\t\t\t\t\t\t<div class=\"elementor-element elementor-element-7edc39d elementor-widget-divider--view-line elementor-widget elementor-widget-divider\" data-id=\"7edc39d\" data-element_type=\"widget\" data-e-type=\"widget\" data-widget_type=\"divider.default\">\n\t\t\t\t<div class=\"elementor-widget-container\">\n\t\t\t\t\t\t\t<div class=\"elementor-divider\">\n\t\t\t<span class=\"elementor-divider-separator\">\n\t\t\t\t\t\t<\/span>\n\t\t<\/div>\n\t\t\t\t\t\t<\/div>\n\t\t\t\t<\/div>\n\t\t\t\t<div class=\"elementor-element elementor-element-43b3334 elementor-widget elementor-widget-text-editor\" data-id=\"43b3334\" data-element_type=\"widget\" data-e-type=\"widget\" data-widget_type=\"text-editor.default\">\n\t\t\t\t<div class=\"elementor-widget-container\">\n\t\t\t\t\t\t\t\t\t<p>Lifespan Integration o Integraci\u00f3n del Ciclo Vital (ICV) es una t\u00e9cnica terap\u00e9utica que ha sido desarrollada por Peggy Pace a comienzos de 2002.\u00a0<\/p><p>La\u00a0ICV\u00a0se basa en la habilidad innata del sistema cuerpo-mente para sanarse a s\u00ed mismo. Conecta las sensaciones corporales con la imaginaci\u00f3n activa, la aproximaci\u00f3n de los estados del yo en el tiempo y una l\u00ednea temporal de recuerdos; de este modo se facilita la integraci\u00f3n neuronal y una r\u00e1pida curaci\u00f3n.<br \/>ICV\u00a0ha demostrado ser muy eficaz en el tratamiento de los Trastornos de Ansiedad, Trastorno de Estr\u00e9s Postraum\u00e1tico, Trastornos de la Conducta Alimentaria, Trastornos Som\u00e1ticos y Trastornos Disociativos. Una caracter\u00edstica muy particular de esta t\u00e9cnica terap\u00e9utica es la de reparar Trastornos del Apego.<\/p><p>La Integraci\u00f3n del Ciclo Vital es un m\u00e9todo no invasivo que trabaja en un nivel neuronal profundo para cambiar respuestas estancadas y estrategias defensivas que han dejado de funcionar, aunque todav\u00eda las usamos. La Integraci\u00f3n del Ciclo Vital ayuda a la persona a conectar sentimientos negativos y patrones de conducta disfuncionales con los recuerdos del pasado que originaron estos sentimientos y estrategias. Al realizar estas conexiones en un nivel profundo de la mente-cuerpo se \u00abreinicia\u00bb el sistema neuronal de tal manera que est\u00e1 m\u00e1s en l\u00ednea con la situaci\u00f3n actual en la vida. Este \u00abreinicio\u00bb se da de forma muy r\u00e1pida para la mayor\u00eda de las personas. Despu\u00e9s de una terapia de Integraci\u00f3n del Ciclo Vital, la persona se da cuenta que reacciona espont\u00e1neamente ante las fuentes de estr\u00e9s de una forma m\u00e1s adecuada.\u00a0<\/p><p>ICV permite una r\u00e1pida curaci\u00f3n para las personas que han atravesado experiencias dolorosas, abuso, desatenci\u00f3n o abandono. Utiliza una t\u00e9cnica psicol\u00f3gica llamada \u201cpuente emocional\u201d para encontrar un recuerdo que est\u00e9 conectado con el problema actual. El terapeuta gu\u00eda al cliente para volver a visitar con su imaginaci\u00f3n el recuerdo del pasado, llevando conscientemente al pasado lo que haga falta para la resoluci\u00f3n de este recuerdo. Una vez que ha sido resuelto el terapeuta gu\u00eda al cliente hasta el presente, para demostrar que ahora es el presente y la situaci\u00f3n ha cambiado.<\/p>\t\t\t\t\t\t\t\t<\/div>\n\t\t\t\t<\/div>\n\t\t\t\t\t<\/div>\n\t\t<\/div>\n\t\t\t\t\t<\/div>\n\t\t<\/section>\n\t\t\t\t<section class=\"elementor-section elementor-top-section elementor-element elementor-element-1268d73 elementor-section-boxed elementor-section-height-default elementor-section-height-default\" data-id=\"1268d73\" data-element_type=\"section\" data-e-type=\"section\">\n\t\t\t\t\t\t<div class=\"elementor-container elementor-column-gap-default\">\n\t\t\t\t\t<div class=\"elementor-column elementor-col-100 elementor-top-column elementor-element elementor-element-b449815\" data-id=\"b449815\" data-element_type=\"column\" data-e-type=\"column\">\n\t\t\t<div class=\"elementor-widget-wrap elementor-element-populated\">\n\t\t\t\t\t\t\t<\/div>\n\t\t<\/div>\n\t\t\t\t\t<\/div>\n\t\t<\/section>\n\t\t\t\t<\/div>\n\t\t","protected":false},"excerpt":{"rendered":"<p>ICV Lifespan Integration o Integraci\u00f3n del Ciclo Vital (ICV) es una t\u00e9cnica terap\u00e9utica que ha sido desarrollada por Peggy Pace a comienzos de 2002.\u00a0 La\u00a0ICV\u00a0se basa en la habilidad innata del sistema cuerpo-mente para sanarse a s\u00ed mismo. Conecta las sensaciones corporales con la imaginaci\u00f3n activa, la aproximaci\u00f3n de los estados del yo en el [&hellip;]<\/p>\n","protected":false},"author":1,"featured_media":0,"parent":45,"menu_order":5,"comment_status":"closed","ping_status":"closed","template":"","meta":{"footnotes":""},"class_list":["post-71","page","type-page","status-publish","hentry"],"blocksy_meta":[],"_links":{"self":[{"href":"https:\/\/arantzaortizdeurbina.com\/index.php\/wp-json\/wp\/v2\/pages\/71","targetHints":{"allow":["GET"]}}],"collection":[{"href":"https:\/\/arantzaortizdeurbina.com\/index.php\/wp-json\/wp\/v2\/pages"}],"about":[{"href":"https:\/\/arantzaortizdeurbina.com\/index.php\/wp-json\/wp\/v2\/types\/page"}],"author":[{"embeddable":true,"href":"https:\/\/arantzaortizdeurbina.com\/index.php\/wp-json\/wp\/v2\/users\/1"}],"replies":[{"embeddable":true,"href":"https:\/\/arantzaortizdeurbina.com\/index.php\/wp-json\/wp\/v2\/comments?post=71"}],"version-history":[{"count":16,"href":"https:\/\/arantzaortizdeurbina.com\/index.php\/wp-json\/wp\/v2\/pages\/71\/revisions"}],"predecessor-version":[{"id":746,"href":"https:\/\/arantzaortizdeurbina.com\/index.php\/wp-json\/wp\/v2\/pages\/71\/revisions\/746"}],"up":[{"embeddable":true,"href":"https:\/\/arantzaortizdeurbina.com\/index.php\/wp-json\/wp\/v2\/pages\/45"}],"wp:attachment":[{"href":"https:\/\/arantzaortizdeurbina.com\/index.php\/wp-json\/wp\/v2\/media?parent=71"}],"curies":[{"name":"wp","href":"https:\/\/api.w.org\/{rel}","templated":true}]}}