{"id":66,"date":"2021-07-27T19:07:08","date_gmt":"2021-07-27T19:07:08","guid":{"rendered":"https:\/\/arantzaortizdeurbina.com\/?page_id=66"},"modified":"2021-08-28T19:35:00","modified_gmt":"2021-08-28T19:35:00","slug":"shec","status":"publish","type":"page","link":"https:\/\/arantzaortizdeurbina.com\/index.php\/tratamiento\/shec\/","title":{"rendered":"SHEC"},"content":{"rendered":"\t\t<div data-elementor-type=\"wp-page\" data-elementor-id=\"66\" class=\"elementor elementor-66\">\n\t\t\t\t\t\t<section class=\"elementor-section elementor-top-section elementor-element elementor-element-65e4cb3 elementor-section-boxed elementor-section-height-default elementor-section-height-default\" data-id=\"65e4cb3\" data-element_type=\"section\" data-e-type=\"section\">\n\t\t\t\t\t\t<div class=\"elementor-container elementor-column-gap-default\">\n\t\t\t\t\t<div class=\"elementor-column elementor-col-100 elementor-top-column elementor-element elementor-element-34f9154\" data-id=\"34f9154\" data-element_type=\"column\" data-e-type=\"column\">\n\t\t\t<div class=\"elementor-widget-wrap elementor-element-populated\">\n\t\t\t\t\t\t<div class=\"elementor-element elementor-element-847267a elementor-widget elementor-widget-heading\" data-id=\"847267a\" data-element_type=\"widget\" data-e-type=\"widget\" data-widget_type=\"heading.default\">\n\t\t\t\t<div class=\"elementor-widget-container\">\n\t\t\t\t\t<div class=\"elementor-heading-title elementor-size-xl\">SHEC<\/div>\t\t\t\t<\/div>\n\t\t\t\t<\/div>\n\t\t\t\t\t<\/div>\n\t\t<\/div>\n\t\t\t\t\t<\/div>\n\t\t<\/section>\n\t\t\t\t<section class=\"elementor-section elementor-top-section elementor-element elementor-element-4894eaf elementor-section-boxed elementor-section-height-default elementor-section-height-default\" data-id=\"4894eaf\" data-element_type=\"section\" data-e-type=\"section\">\n\t\t\t\t\t\t<div class=\"elementor-container elementor-column-gap-default\">\n\t\t\t\t\t<div class=\"elementor-column elementor-col-100 elementor-top-column elementor-element elementor-element-74ae075\" data-id=\"74ae075\" data-element_type=\"column\" data-e-type=\"column\">\n\t\t\t<div class=\"elementor-widget-wrap elementor-element-populated\">\n\t\t\t\t\t\t<div class=\"elementor-element elementor-element-3dba800 elementor-widget-divider--view-line elementor-widget elementor-widget-divider\" data-id=\"3dba800\" data-element_type=\"widget\" data-e-type=\"widget\" data-widget_type=\"divider.default\">\n\t\t\t\t<div class=\"elementor-widget-container\">\n\t\t\t\t\t\t\t<div class=\"elementor-divider\">\n\t\t\t<span class=\"elementor-divider-separator\">\n\t\t\t\t\t\t<\/span>\n\t\t<\/div>\n\t\t\t\t\t\t<\/div>\n\t\t\t\t<\/div>\n\t\t\t\t<div class=\"elementor-element elementor-element-bd29bde elementor-widget elementor-widget-text-editor\" data-id=\"bd29bde\" data-element_type=\"widget\" data-e-type=\"widget\" data-widget_type=\"text-editor.default\">\n\t\t\t\t<div class=\"elementor-widget-container\">\n\t\t\t\t\t\t\t\t\t<p>El m\u00e9todo SHEC ( Sincronizaci\u00f3n de los Hemisferios Cerebrales) es un m\u00e9todo psicoterap\u00e9utico basado en la neurociencia y en c\u00f3mo nuestro cerebro recibe y procesa la informaci\u00f3n. Consigue resolver situaciones inesperadas y complejas de la vida. En pocas sesiones podemos ayudar a resolver las situaciones que est\u00e1n bloqueadas o sin resolver y que, por lo tanto, siguen causando malestar emocional.<\/p><p>Si estas situaciones no se elaboran generar\u00e1n sintomatolog\u00eda y mal manejo de las emociones. As\u00ed mismo son el origen de depresi\u00f3n, trastorno obsesivo compulsivo, trastorno l\u00edmite de personalidad, trastorno bipolar, adicciones, fobias, ataques de p\u00e1nico\u2026<\/p><p>SHEC es una t\u00e9cnica que funciona muy bien para trabajar situaciones traum\u00e1ticas o impactantes que suceden en la vida y dan lugar a un bloqueo emocional, disminuyendo las respuestas resolutivas y bloqueando el sistema emocional de la persona: muertes, abandono, abusos psicol\u00f3gicos, emocionales, f\u00edsicos, u otras situaciones dolorosas o de dificultad.<\/p><p>Es muy \u00fatil cuando aparecen s\u00edntomas del tipo: miedo, angustia, tristeza, dolor, baja autoestima y creencias negativas como no puedo, no lo conseguir\u00e9, soy tonto, estoy da\u00f1ado para siempre, no puedo expresar mis emociones con seguridad, etc.<\/p>\t\t\t\t\t\t\t\t<\/div>\n\t\t\t\t<\/div>\n\t\t\t\t\t<\/div>\n\t\t<\/div>\n\t\t\t\t\t<\/div>\n\t\t<\/section>\n\t\t\t\t<section class=\"elementor-section elementor-top-section elementor-element elementor-element-b3be13f elementor-section-boxed elementor-section-height-default elementor-section-height-default\" data-id=\"b3be13f\" data-element_type=\"section\" data-e-type=\"section\">\n\t\t\t\t\t\t<div class=\"elementor-container elementor-column-gap-default\">\n\t\t\t\t\t<div class=\"elementor-column elementor-col-100 elementor-top-column elementor-element elementor-element-e04d163\" data-id=\"e04d163\" data-element_type=\"column\" data-e-type=\"column\">\n\t\t\t<div class=\"elementor-widget-wrap elementor-element-populated\">\n\t\t\t\t\t\t<div class=\"elementor-element elementor-element-9f42934 elementor-widget elementor-widget-text-editor\" data-id=\"9f42934\" data-element_type=\"widget\" data-e-type=\"widget\" data-widget_type=\"text-editor.default\">\n\t\t\t\t<div class=\"elementor-widget-container\">\n\t\t\t\t\t\t\t\t\t<p>\u00bfC\u00f3mo Funciona?<\/p>\t\t\t\t\t\t\t\t<\/div>\n\t\t\t\t<\/div>\n\t\t\t\t<div class=\"elementor-element elementor-element-6c9a3e4 elementor-widget elementor-widget-text-editor\" data-id=\"6c9a3e4\" data-element_type=\"widget\" data-e-type=\"widget\" data-widget_type=\"text-editor.default\">\n\t\t\t\t<div class=\"elementor-widget-container\">\n\t\t\t\t\t\t\t\t\t<p>La base de la terapia con M\u00e9todo SHEC implica diferentes acciones:<\/p><ul><li>Activaci\u00f3n de forma alterna los dos hemisferios cerebrales y comparar su informaci\u00f3n con respecto al problema.<\/li><li>Desensibilizaci\u00f3n de la situaci\u00f3n a tratar, generando una reestructuraci\u00f3n cognitiva con la ayuda del trabajo sobre las sensaciones corporales y el sistema emocional que est\u00e1 alimentando y manteniendo dicha situaci\u00f3n.<\/li><li>Creaci\u00f3n de nuevas rutas neuronales distintas a las que se est\u00e1n utilizando en la situaci\u00f3n de malestar. As\u00ed se permite cambiar la manera de abordar las situaciones dif\u00edciles y mejorar el estado de \u00e1nimo.<\/li><li>Utilizaci\u00f3n de varias herramientas que desbloquean y aceleran el proceso, bajando la intensidad del malestar y ayudando a cambiar las creencias.<\/li><\/ul>\t\t\t\t\t\t\t\t<\/div>\n\t\t\t\t<\/div>\n\t\t\t\t\t<\/div>\n\t\t<\/div>\n\t\t\t\t\t<\/div>\n\t\t<\/section>\n\t\t\t\t<\/div>\n\t\t","protected":false},"excerpt":{"rendered":"<p>SHEC El m\u00e9todo SHEC ( Sincronizaci\u00f3n de los Hemisferios Cerebrales) es un m\u00e9todo psicoterap\u00e9utico basado en la neurociencia y en c\u00f3mo nuestro cerebro recibe y procesa la informaci\u00f3n. Consigue resolver situaciones inesperadas y complejas de la vida. En pocas sesiones podemos ayudar a resolver las situaciones que est\u00e1n bloqueadas o sin resolver y que, por [&hellip;]<\/p>\n","protected":false},"author":1,"featured_media":0,"parent":45,"menu_order":4,"comment_status":"closed","ping_status":"closed","template":"","meta":{"footnotes":""},"class_list":["post-66","page","type-page","status-publish","hentry"],"blocksy_meta":[],"_links":{"self":[{"href":"https:\/\/arantzaortizdeurbina.com\/index.php\/wp-json\/wp\/v2\/pages\/66","targetHints":{"allow":["GET"]}}],"collection":[{"href":"https:\/\/arantzaortizdeurbina.com\/index.php\/wp-json\/wp\/v2\/pages"}],"about":[{"href":"https:\/\/arantzaortizdeurbina.com\/index.php\/wp-json\/wp\/v2\/types\/page"}],"author":[{"embeddable":true,"href":"https:\/\/arantzaortizdeurbina.com\/index.php\/wp-json\/wp\/v2\/users\/1"}],"replies":[{"embeddable":true,"href":"https:\/\/arantzaortizdeurbina.com\/index.php\/wp-json\/wp\/v2\/comments?post=66"}],"version-history":[{"count":35,"href":"https:\/\/arantzaortizdeurbina.com\/index.php\/wp-json\/wp\/v2\/pages\/66\/revisions"}],"predecessor-version":[{"id":743,"href":"https:\/\/arantzaortizdeurbina.com\/index.php\/wp-json\/wp\/v2\/pages\/66\/revisions\/743"}],"up":[{"embeddable":true,"href":"https:\/\/arantzaortizdeurbina.com\/index.php\/wp-json\/wp\/v2\/pages\/45"}],"wp:attachment":[{"href":"https:\/\/arantzaortizdeurbina.com\/index.php\/wp-json\/wp\/v2\/media?parent=66"}],"curies":[{"name":"wp","href":"https:\/\/api.w.org\/{rel}","templated":true}]}}