{"id":60,"date":"2021-07-27T19:05:35","date_gmt":"2021-07-27T19:05:35","guid":{"rendered":"https:\/\/arantzaortizdeurbina.com\/?page_id=60"},"modified":"2021-08-28T19:08:53","modified_gmt":"2021-08-28T19:08:53","slug":"terapia-de-pareja","status":"publish","type":"page","link":"https:\/\/arantzaortizdeurbina.com\/index.php\/tratamiento\/terapia-de-pareja\/","title":{"rendered":"Terapia de pareja"},"content":{"rendered":"\t\t<div data-elementor-type=\"wp-page\" data-elementor-id=\"60\" class=\"elementor elementor-60\">\n\t\t\t\t\t\t<section class=\"elementor-section elementor-top-section elementor-element elementor-element-8453928 elementor-section-boxed elementor-section-height-default elementor-section-height-default\" data-id=\"8453928\" data-element_type=\"section\" data-e-type=\"section\">\n\t\t\t\t\t\t<div class=\"elementor-container elementor-column-gap-default\">\n\t\t\t\t\t<div class=\"elementor-column elementor-col-100 elementor-top-column elementor-element elementor-element-fbe9987\" data-id=\"fbe9987\" data-element_type=\"column\" data-e-type=\"column\">\n\t\t\t<div class=\"elementor-widget-wrap elementor-element-populated\">\n\t\t\t\t\t\t<div class=\"elementor-element elementor-element-ff86a50 elementor-widget elementor-widget-heading\" data-id=\"ff86a50\" data-element_type=\"widget\" data-e-type=\"widget\" data-widget_type=\"heading.default\">\n\t\t\t\t<div class=\"elementor-widget-container\">\n\t\t\t\t\t<div class=\"elementor-heading-title elementor-size-xl\">Terapia de Pareja<\/div>\t\t\t\t<\/div>\n\t\t\t\t<\/div>\n\t\t\t\t<div class=\"elementor-element elementor-element-1518925 elementor-widget-divider--view-line elementor-widget elementor-widget-divider\" data-id=\"1518925\" data-element_type=\"widget\" data-e-type=\"widget\" data-widget_type=\"divider.default\">\n\t\t\t\t<div class=\"elementor-widget-container\">\n\t\t\t\t\t\t\t<div class=\"elementor-divider\">\n\t\t\t<span class=\"elementor-divider-separator\">\n\t\t\t\t\t\t<\/span>\n\t\t<\/div>\n\t\t\t\t\t\t<\/div>\n\t\t\t\t<\/div>\n\t\t\t\t<div class=\"elementor-element elementor-element-f302ca3 elementor-widget elementor-widget-text-editor\" data-id=\"f302ca3\" data-element_type=\"widget\" data-e-type=\"widget\" data-widget_type=\"text-editor.default\">\n\t\t\t\t<div class=\"elementor-widget-container\">\n\t\t\t\t\t\t\t\t\t<p><span style=\"color: #808080;\">La mayor\u00eda de las parejas se forman a partir de una situaci\u00f3n de enamoramiento hacia otra persona, donde se dan sentimientos y emociones intensos. Normalmente la intenci\u00f3n es realizar un proyecto de vida juntos y duradero. Sin embargo, es en la convivencia a lo largo del tiempo cuando comienzan a surgir dificultades que en ocasiones cuesta resolver. A veces estas dificultades entran en una din\u00e1mica donde el convivir se hace imposible, y es entonces cuando la pareja comienza a hablar de separaci\u00f3n.<\/span><\/p><p><span style=\"color: #808080;\">La vida en pareja es algo complejo y a veces dif\u00edcil, ya que hablamos de una relaci\u00f3n entre dos personas, es decir, hay dos individuos con mundos internos diferentes que conviven y caminan juntos en la vida. Esto es importante, ya que cada cambio interno de uno de los miembros de la pareja afecta indiscutiblemente al otro.<\/span><\/p><p><span style=\"color: #808080;\">Es posible que con el paso de los a\u00f1os aparezcan diferentes situaciones que de por s\u00ed son estresantes y que a\u00f1aden un grado m\u00e1s de dificultad en la relaci\u00f3n:<\/span><\/p>\t\t\t\t\t\t\t\t<\/div>\n\t\t\t\t<\/div>\n\t\t\t\t\t<\/div>\n\t\t<\/div>\n\t\t\t\t\t<\/div>\n\t\t<\/section>\n\t\t\t\t<section class=\"elementor-section elementor-top-section elementor-element elementor-element-ea228a1 elementor-section-boxed elementor-section-height-default elementor-section-height-default\" data-id=\"ea228a1\" data-element_type=\"section\" data-e-type=\"section\">\n\t\t\t\t\t\t<div class=\"elementor-container elementor-column-gap-default\">\n\t\t\t\t\t<div class=\"elementor-column elementor-col-50 elementor-top-column elementor-element elementor-element-e30c05f\" data-id=\"e30c05f\" data-element_type=\"column\" data-e-type=\"column\">\n\t\t\t<div class=\"elementor-widget-wrap elementor-element-populated\">\n\t\t\t\t\t\t<div class=\"elementor-element elementor-element-6efa102 elementor-widget elementor-widget-text-editor\" data-id=\"6efa102\" data-element_type=\"widget\" data-e-type=\"widget\" data-widget_type=\"text-editor.default\">\n\t\t\t\t<div class=\"elementor-widget-container\">\n\t\t\t\t\t\t\t\t\t<ul><li><span style=\"color: #808080;\">La llegada de los hijos<\/span><\/li><li><span style=\"color: #808080;\">Monoton\u00eda y rutina<\/span><\/li><li><span style=\"color: #808080;\">Falta de cooperaci\u00f3n<\/span><\/li><li><span style=\"color: #808080;\">Infidelidad<\/span><\/li><li><span style=\"color: #808080;\">Adicciones<\/span><\/li><li><span style=\"color: #808080;\">Relaciones sexuales<\/span><\/li><\/ul><h5>\u00a0<\/h5>\t\t\t\t\t\t\t\t<\/div>\n\t\t\t\t<\/div>\n\t\t\t\t\t<\/div>\n\t\t<\/div>\n\t\t\t\t<div class=\"elementor-column elementor-col-50 elementor-top-column elementor-element elementor-element-9b0cb32\" data-id=\"9b0cb32\" data-element_type=\"column\" data-e-type=\"column\">\n\t\t\t<div class=\"elementor-widget-wrap elementor-element-populated\">\n\t\t\t\t\t\t<div class=\"elementor-element elementor-element-71bcc30 elementor-widget elementor-widget-text-editor\" data-id=\"71bcc30\" data-element_type=\"widget\" data-e-type=\"widget\" data-widget_type=\"text-editor.default\">\n\t\t\t\t<div class=\"elementor-widget-container\">\n\t\t\t\t\t\t\t\t\t<ul><li><span style=\"color: #808080;\">P\u00e9rdida de trabajo<\/span><\/li><li><span style=\"color: #808080;\">Menopausia<\/span><\/li><li><span style=\"color: #808080;\">Enfermedades<\/span><\/li><li><span style=\"color: #808080;\">Jubilaci\u00f3n<\/span><\/li><li><span style=\"color: #808080;\">Cuestiones con la familia de origen<\/span><\/li><li><span style=\"color: #808080;\">Problemas con los hijos<\/span><\/li><\/ul><h5>\u00a0<\/h5>\t\t\t\t\t\t\t\t<\/div>\n\t\t\t\t<\/div>\n\t\t\t\t\t<\/div>\n\t\t<\/div>\n\t\t\t\t\t<\/div>\n\t\t<\/section>\n\t\t\t\t<section class=\"elementor-section elementor-top-section elementor-element elementor-element-f7d57a5 elementor-section-boxed elementor-section-height-default elementor-section-height-default\" data-id=\"f7d57a5\" data-element_type=\"section\" data-e-type=\"section\">\n\t\t\t\t\t\t<div class=\"elementor-container elementor-column-gap-default\">\n\t\t\t\t\t<div class=\"elementor-column elementor-col-100 elementor-top-column elementor-element elementor-element-370fd08\" data-id=\"370fd08\" data-element_type=\"column\" data-e-type=\"column\">\n\t\t\t<div class=\"elementor-widget-wrap elementor-element-populated\">\n\t\t\t\t\t\t<div class=\"elementor-element elementor-element-13f65c1 elementor-widget elementor-widget-text-editor\" data-id=\"13f65c1\" data-element_type=\"widget\" data-e-type=\"widget\" data-widget_type=\"text-editor.default\">\n\t\t\t\t<div class=\"elementor-widget-container\">\n\t\t\t\t\t\t\t\t\t<p>Razones para acudir a una terapia de pareja:<\/p>\t\t\t\t\t\t\t\t<\/div>\n\t\t\t\t<\/div>\n\t\t\t\t\t<\/div>\n\t\t<\/div>\n\t\t\t\t\t<\/div>\n\t\t<\/section>\n\t\t\t\t<section class=\"elementor-section elementor-top-section elementor-element elementor-element-c1de0d7 elementor-section-boxed elementor-section-height-default elementor-section-height-default\" data-id=\"c1de0d7\" data-element_type=\"section\" data-e-type=\"section\">\n\t\t\t\t\t\t<div class=\"elementor-container elementor-column-gap-default\">\n\t\t\t\t\t<div class=\"elementor-column elementor-col-100 elementor-top-column elementor-element elementor-element-fa09342\" data-id=\"fa09342\" data-element_type=\"column\" data-e-type=\"column\">\n\t\t\t<div class=\"elementor-widget-wrap elementor-element-populated\">\n\t\t\t\t\t\t<div class=\"elementor-element elementor-element-e1863f4 elementor-widget elementor-widget-text-editor\" data-id=\"e1863f4\" data-element_type=\"widget\" data-e-type=\"widget\" data-widget_type=\"text-editor.default\">\n\t\t\t\t<div class=\"elementor-widget-container\">\n\t\t\t\t\t\t\t\t\t<p><span style=\"color: #808080;\">Cualquier pareja experimenta momentos de crisis a lo largo de la relaci\u00f3n. En numerosas ocasiones ambos son capaces de poner soluci\u00f3n y salir adelante m\u00e1s reforzados, sin embargo, hay ocasiones en las que el malestar persiste, la relaci\u00f3n no avanza o bien se complica. La comunicaci\u00f3n deja de ser fluida, el ambiente se hace denso e irrespirable y cualquier conversaci\u00f3n acaba en discusi\u00f3n. La sensaci\u00f3n es de tensi\u00f3n continua y fracaso. Es el momento de pedir ayuda.<\/span><\/p><p><span style=\"color: #808080;\">B\u00e1sicamente hay ciertas situaciones en las que es recomendable asistir a terapia:<\/span><\/p><ul><li><span style=\"color: #808080;\">Cuando las dos partes quieren continuar la relaci\u00f3n, sin embargo, se ha llegado a un punto en el que es dif\u00edcil avanzar.<\/span><\/li><li><span style=\"color: #808080;\">Cuando las cosas han llegado a tal punto que hay muchas dudas por parte de uno de los miembros o por ambos.<\/span><\/li><li><span style=\"color: #808080;\">Cuando la separaci\u00f3n es ya una decisi\u00f3n tomada y no se sabe c\u00f3mo actuar, especialmente cuando hay hijos.<\/span><\/li><\/ul>\t\t\t\t\t\t\t\t<\/div>\n\t\t\t\t<\/div>\n\t\t\t\t<div class=\"elementor-element elementor-element-1e479c9 elementor-widget elementor-widget-text-editor\" data-id=\"1e479c9\" data-element_type=\"widget\" data-e-type=\"widget\" data-widget_type=\"text-editor.default\">\n\t\t\t\t<div class=\"elementor-widget-container\">\n\t\t\t\t\t\t\t\t\t<p>Gu\u00eda de la Terapia:<\/p>\t\t\t\t\t\t\t\t<\/div>\n\t\t\t\t<\/div>\n\t\t\t\t<div class=\"elementor-element elementor-element-3d9bd15 elementor-widget elementor-widget-text-editor\" data-id=\"3d9bd15\" data-element_type=\"widget\" data-e-type=\"widget\" data-widget_type=\"text-editor.default\">\n\t\t\t\t<div class=\"elementor-widget-container\">\n\t\t\t\t\t\t\t\t\t<ol><li><span style=\"color: #808080;\">Es importante escuchar a las dos partes, ninguna tiene raz\u00f3n.<\/span><\/li><li><span style=\"color: #808080;\">Hay que buscar un punto intermedio donde encontrar posiciones.<\/span><\/li><li><span style=\"color: #808080;\">Lo que una parte haga o no haga, incide directamente en la otra parte.<\/span><\/li><li><span style=\"color: #808080;\">Todas las intervenciones van dirigidas a favorecer la comunicaci\u00f3n y la escucha activa.<\/span><\/li><li><span style=\"color: #808080;\">Las dos partes son responsables de lo que sucede, cada uno se responsabiliza de sus acciones.<\/span><\/li><li><span style=\"color: #808080;\">La terapia implica que las dos partes quieren ponerse de acuerdo, aunque en ocasiones suponga un esfuerzo y tengan que ceder el algo.<\/span><\/li><li><span style=\"color: #808080;\">Los cambios propuestos surgen del consenso: las dos partes siempre estar\u00e1n de acuerdo.<\/span><\/li><\/ol>\t\t\t\t\t\t\t\t<\/div>\n\t\t\t\t<\/div>\n\t\t\t\t\t<\/div>\n\t\t<\/div>\n\t\t\t\t\t<\/div>\n\t\t<\/section>\n\t\t\t\t<section class=\"elementor-section elementor-top-section elementor-element elementor-element-a984660 elementor-section-boxed elementor-section-height-default elementor-section-height-default\" data-id=\"a984660\" data-element_type=\"section\" data-e-type=\"section\">\n\t\t\t\t\t\t<div class=\"elementor-container elementor-column-gap-default\">\n\t\t\t\t\t<div class=\"elementor-column elementor-col-100 elementor-top-column elementor-element elementor-element-9cebfc0\" data-id=\"9cebfc0\" data-element_type=\"column\" data-e-type=\"column\">\n\t\t\t<div class=\"elementor-widget-wrap elementor-element-populated\">\n\t\t\t\t\t\t\t<\/div>\n\t\t<\/div>\n\t\t\t\t\t<\/div>\n\t\t<\/section>\n\t\t\t\t<\/div>\n\t\t","protected":false},"excerpt":{"rendered":"<p>Terapia de Pareja La mayor\u00eda de las parejas se forman a partir de una situaci\u00f3n de enamoramiento hacia otra persona, donde se dan sentimientos y emociones intensos. Normalmente la intenci\u00f3n es realizar un proyecto de vida juntos y duradero. Sin embargo, es en la convivencia a lo largo del tiempo cuando comienzan a surgir dificultades [&hellip;]<\/p>\n","protected":false},"author":1,"featured_media":0,"parent":45,"menu_order":3,"comment_status":"closed","ping_status":"closed","template":"","meta":{"footnotes":""},"class_list":["post-60","page","type-page","status-publish","hentry"],"blocksy_meta":[],"_links":{"self":[{"href":"https:\/\/arantzaortizdeurbina.com\/index.php\/wp-json\/wp\/v2\/pages\/60","targetHints":{"allow":["GET"]}}],"collection":[{"href":"https:\/\/arantzaortizdeurbina.com\/index.php\/wp-json\/wp\/v2\/pages"}],"about":[{"href":"https:\/\/arantzaortizdeurbina.com\/index.php\/wp-json\/wp\/v2\/types\/page"}],"author":[{"embeddable":true,"href":"https:\/\/arantzaortizdeurbina.com\/index.php\/wp-json\/wp\/v2\/users\/1"}],"replies":[{"embeddable":true,"href":"https:\/\/arantzaortizdeurbina.com\/index.php\/wp-json\/wp\/v2\/comments?post=60"}],"version-history":[{"count":37,"href":"https:\/\/arantzaortizdeurbina.com\/index.php\/wp-json\/wp\/v2\/pages\/60\/revisions"}],"predecessor-version":[{"id":686,"href":"https:\/\/arantzaortizdeurbina.com\/index.php\/wp-json\/wp\/v2\/pages\/60\/revisions\/686"}],"up":[{"embeddable":true,"href":"https:\/\/arantzaortizdeurbina.com\/index.php\/wp-json\/wp\/v2\/pages\/45"}],"wp:attachment":[{"href":"https:\/\/arantzaortizdeurbina.com\/index.php\/wp-json\/wp\/v2\/media?parent=60"}],"curies":[{"name":"wp","href":"https:\/\/api.w.org\/{rel}","templated":true}]}}