{"id":55,"date":"2021-07-27T19:04:51","date_gmt":"2021-07-27T19:04:51","guid":{"rendered":"https:\/\/arantzaortizdeurbina.com\/?page_id=55"},"modified":"2021-08-28T19:03:17","modified_gmt":"2021-08-28T19:03:17","slug":"terapia-familiar","status":"publish","type":"page","link":"https:\/\/arantzaortizdeurbina.com\/index.php\/tratamiento\/terapia-familiar\/","title":{"rendered":"Terapia familiar"},"content":{"rendered":"\t\t<div data-elementor-type=\"wp-page\" data-elementor-id=\"55\" class=\"elementor elementor-55\">\n\t\t\t\t\t\t<section class=\"elementor-section elementor-top-section elementor-element elementor-element-b63a1c8 elementor-section-boxed elementor-section-height-default elementor-section-height-default\" data-id=\"b63a1c8\" data-element_type=\"section\" data-e-type=\"section\">\n\t\t\t\t\t\t<div class=\"elementor-container elementor-column-gap-default\">\n\t\t\t\t\t<div class=\"elementor-column elementor-col-100 elementor-top-column elementor-element elementor-element-02d9d8a\" data-id=\"02d9d8a\" data-element_type=\"column\" data-e-type=\"column\">\n\t\t\t<div class=\"elementor-widget-wrap elementor-element-populated\">\n\t\t\t\t\t\t<div class=\"elementor-element elementor-element-e8ad9ab elementor-widget elementor-widget-heading\" data-id=\"e8ad9ab\" data-element_type=\"widget\" data-e-type=\"widget\" data-widget_type=\"heading.default\">\n\t\t\t\t<div class=\"elementor-widget-container\">\n\t\t\t\t\t<div class=\"elementor-heading-title elementor-size-xl\">Terapia Familiar<\/div>\t\t\t\t<\/div>\n\t\t\t\t<\/div>\n\t\t\t\t\t<\/div>\n\t\t<\/div>\n\t\t\t\t\t<\/div>\n\t\t<\/section>\n\t\t\t\t<section class=\"elementor-section elementor-top-section elementor-element elementor-element-18aa4fe elementor-section-boxed elementor-section-height-default elementor-section-height-default\" data-id=\"18aa4fe\" data-element_type=\"section\" data-e-type=\"section\">\n\t\t\t\t\t\t<div class=\"elementor-container elementor-column-gap-default\">\n\t\t\t\t\t<div class=\"elementor-column elementor-col-100 elementor-top-column elementor-element elementor-element-e234243\" data-id=\"e234243\" data-element_type=\"column\" data-e-type=\"column\">\n\t\t\t<div class=\"elementor-widget-wrap elementor-element-populated\">\n\t\t\t\t\t\t<div class=\"elementor-element elementor-element-3067eb9 elementor-widget-divider--view-line elementor-widget elementor-widget-divider\" data-id=\"3067eb9\" data-element_type=\"widget\" data-e-type=\"widget\" data-widget_type=\"divider.default\">\n\t\t\t\t<div class=\"elementor-widget-container\">\n\t\t\t\t\t\t\t<div class=\"elementor-divider\">\n\t\t\t<span class=\"elementor-divider-separator\">\n\t\t\t\t\t\t<\/span>\n\t\t<\/div>\n\t\t\t\t\t\t<\/div>\n\t\t\t\t<\/div>\n\t\t\t\t<div class=\"elementor-element elementor-element-5d0b291 elementor-widget elementor-widget-text-editor\" data-id=\"5d0b291\" data-element_type=\"widget\" data-e-type=\"widget\" data-widget_type=\"text-editor.default\">\n\t\t\t\t<div class=\"elementor-widget-container\">\n\t\t\t\t\t\t\t\t\t<p>La familia es el primer grupo al que pertenecemos y marca nuestra vida a la hora de pensar, sentir, creer y relacionarnos con el mundo. Es en la familia donde comenzamos a aprender los afectos, los miedos, las creencias, la convivencia y las normas sociales. Comenzamos a percibir el mundo a trav\u00e9s de lo que escuchamos y vivimos dentro del seno familiar. El n\u00facleo familiar juega, por tanto, un papel determinante en nuestro desarrollo.<\/p><p>\u00a0A lo largo de la vida, en el grupo familiar pueden surgir conflictos o dificultades que no pueden solucionarse desde dentro, ya que uno o varios miembros est\u00e1n implicados y la situaci\u00f3n se ha ido poniendo cada vez m\u00e1s dif\u00edcil. Es en este momento cuando los especialistas pueden aportar perspectiva y sugerir nuevos enfoques para analizar qu\u00e9 es lo que est\u00e1 sucediendo y por qu\u00e9 se mantiene el malestar y el sufrimiento.<\/p><p>La terapia familiar sist\u00e9mica pone su \u00e9nfasis en el manejo de la comunicaci\u00f3n y la interacci\u00f3n entre todos los miembros. La familia forma una unidad con un equilibrio propio, es un grupo integral donde cualquier movimiento afecta a todo su conjunto. La familia se entiende como un grupo de interacciones, es din\u00e1mico y est\u00e1 en continuo cambio.<\/p><p>Tiene un enfoque pr\u00e1ctico dirigido a la soluci\u00f3n de problemas, no tanto al foco de la causa del conflicto. Se estudian los patrones de interacci\u00f3n entre los miembros, llegando a la toma de decisiones consensuada. Todos los miembros de la familia tienen un papel importante, cada movimiento individual, cada cambio, repercute en el conjunto y en el equilibrio del sistema familiar.<\/p>\t\t\t\t\t\t\t\t<\/div>\n\t\t\t\t<\/div>\n\t\t\t\t\t<\/div>\n\t\t<\/div>\n\t\t\t\t\t<\/div>\n\t\t<\/section>\n\t\t\t\t<\/div>\n\t\t","protected":false},"excerpt":{"rendered":"<p>Terapia Familiar La familia es el primer grupo al que pertenecemos y marca nuestra vida a la hora de pensar, sentir, creer y relacionarnos con el mundo. Es en la familia donde comenzamos a aprender los afectos, los miedos, las creencias, la convivencia y las normas sociales. Comenzamos a percibir el mundo a trav\u00e9s de [&hellip;]<\/p>\n","protected":false},"author":1,"featured_media":0,"parent":45,"menu_order":2,"comment_status":"closed","ping_status":"closed","template":"","meta":{"footnotes":""},"class_list":["post-55","page","type-page","status-publish","hentry"],"blocksy_meta":[],"_links":{"self":[{"href":"https:\/\/arantzaortizdeurbina.com\/index.php\/wp-json\/wp\/v2\/pages\/55","targetHints":{"allow":["GET"]}}],"collection":[{"href":"https:\/\/arantzaortizdeurbina.com\/index.php\/wp-json\/wp\/v2\/pages"}],"about":[{"href":"https:\/\/arantzaortizdeurbina.com\/index.php\/wp-json\/wp\/v2\/types\/page"}],"author":[{"embeddable":true,"href":"https:\/\/arantzaortizdeurbina.com\/index.php\/wp-json\/wp\/v2\/users\/1"}],"replies":[{"embeddable":true,"href":"https:\/\/arantzaortizdeurbina.com\/index.php\/wp-json\/wp\/v2\/comments?post=55"}],"version-history":[{"count":32,"href":"https:\/\/arantzaortizdeurbina.com\/index.php\/wp-json\/wp\/v2\/pages\/55\/revisions"}],"predecessor-version":[{"id":668,"href":"https:\/\/arantzaortizdeurbina.com\/index.php\/wp-json\/wp\/v2\/pages\/55\/revisions\/668"}],"up":[{"embeddable":true,"href":"https:\/\/arantzaortizdeurbina.com\/index.php\/wp-json\/wp\/v2\/pages\/45"}],"wp:attachment":[{"href":"https:\/\/arantzaortizdeurbina.com\/index.php\/wp-json\/wp\/v2\/media?parent=55"}],"curies":[{"name":"wp","href":"https:\/\/api.w.org\/{rel}","templated":true}]}}