{"id":50,"date":"2021-07-27T19:04:10","date_gmt":"2021-07-27T19:04:10","guid":{"rendered":"https:\/\/arantzaortizdeurbina.com\/?page_id=50"},"modified":"2021-08-28T19:01:46","modified_gmt":"2021-08-28T19:01:46","slug":"terapia-individual","status":"publish","type":"page","link":"https:\/\/arantzaortizdeurbina.com\/index.php\/tratamiento\/terapia-individual\/","title":{"rendered":"Terapia individual"},"content":{"rendered":"\t\t<div data-elementor-type=\"wp-page\" data-elementor-id=\"50\" class=\"elementor elementor-50\">\n\t\t\t\t\t\t<section class=\"elementor-section elementor-top-section elementor-element elementor-element-0d98cb5 elementor-section-boxed elementor-section-height-default elementor-section-height-default\" data-id=\"0d98cb5\" data-element_type=\"section\" data-e-type=\"section\">\n\t\t\t\t\t\t<div class=\"elementor-container elementor-column-gap-default\">\n\t\t\t\t\t<div class=\"elementor-column elementor-col-100 elementor-top-column elementor-element elementor-element-cf459c5\" data-id=\"cf459c5\" data-element_type=\"column\" data-e-type=\"column\">\n\t\t\t<div class=\"elementor-widget-wrap elementor-element-populated\">\n\t\t\t\t\t\t<div class=\"elementor-element elementor-element-72aeb76 elementor-widget elementor-widget-heading\" data-id=\"72aeb76\" data-element_type=\"widget\" data-e-type=\"widget\" data-widget_type=\"heading.default\">\n\t\t\t\t<div class=\"elementor-widget-container\">\n\t\t\t\t\t<div class=\"elementor-heading-title elementor-size-xl\">Terapia Individual<\/div>\t\t\t\t<\/div>\n\t\t\t\t<\/div>\n\t\t\t\t\t<\/div>\n\t\t<\/div>\n\t\t\t\t\t<\/div>\n\t\t<\/section>\n\t\t\t\t<section class=\"elementor-section elementor-top-section elementor-element elementor-element-e21c445 elementor-section-boxed elementor-section-height-default elementor-section-height-default\" data-id=\"e21c445\" data-element_type=\"section\" data-e-type=\"section\">\n\t\t\t\t\t\t<div class=\"elementor-container elementor-column-gap-default\">\n\t\t\t\t\t<div class=\"elementor-column elementor-col-100 elementor-top-column elementor-element elementor-element-4907f0f\" data-id=\"4907f0f\" data-element_type=\"column\" data-e-type=\"column\">\n\t\t\t<div class=\"elementor-widget-wrap elementor-element-populated\">\n\t\t\t\t\t\t<div class=\"elementor-element elementor-element-a55a281 elementor-widget-divider--view-line elementor-widget elementor-widget-divider\" data-id=\"a55a281\" data-element_type=\"widget\" data-e-type=\"widget\" data-widget_type=\"divider.default\">\n\t\t\t\t<div class=\"elementor-widget-container\">\n\t\t\t\t\t\t\t<div class=\"elementor-divider\">\n\t\t\t<span class=\"elementor-divider-separator\">\n\t\t\t\t\t\t<\/span>\n\t\t<\/div>\n\t\t\t\t\t\t<\/div>\n\t\t\t\t<\/div>\n\t\t\t\t<div class=\"elementor-element elementor-element-9258d4f elementor-widget elementor-widget-text-editor\" data-id=\"9258d4f\" data-element_type=\"widget\" data-e-type=\"widget\" data-widget_type=\"text-editor.default\">\n\t\t\t\t<div class=\"elementor-widget-container\">\n\t\t\t\t\t\t\t\t\t<p><span style=\"color: #808080;\">Si est\u00e1s pensando en acudir a terapia probablemente has alcanzado un nivel de estr\u00e9s interno lo suficientemente profundo. Seguramente vives en un mar de emociones que te mantienen atrapado en el mismo punto y, a pesar de tener recursos personales que en ocasiones normales te permiten manejarse con normalidad, te sientes incapaz de resolver peque\u00f1as cosas. Esta situaci\u00f3n que est\u00e1s viviendo te causa sufrimiento y angustia, despierta tus miedos y en ocasiones desaparecen las ganas de vivir.<\/span><\/p><p><span style=\"color: #808080;\">Las emociones, pensamientos y sensaciones f\u00edsicas forman parte intr\u00ednseca del ser humano. No podemos hacer que desaparezcan, sin embargo, somos capaces de aprender a manejarlas y conseguir que nos afecten de la menor manera posible.<\/span><\/p><p><span style=\"color: #808080;\">El objetivo de la terapia es desarrollar nuevas estrategias de cambio poder vivir con autonom\u00eda. Se trata de aprender a manejar adecuadamente las emociones y pensamientos, adquirir confianza en uno mismo y lograr el equilibrio emocional. El trabajo psicol\u00f3gico supone un proceso de interiorizaci\u00f3n que implica la aceptaci\u00f3n y el descubrimiento del cambio personal.<\/span><\/p><p><span style=\"color: #808080;\">En las sesiones encontrar\u00e1s un ambiente seguro, de respeto y confidencialidad, donde podr\u00e1s expresarte tal cu\u00e1l eres. Cada caso es un mundo y por ello cada persona recibe un tratamiento individualizado.<\/span><\/p>\t\t\t\t\t\t\t\t<\/div>\n\t\t\t\t<\/div>\n\t\t\t\t\t<\/div>\n\t\t<\/div>\n\t\t\t\t\t<\/div>\n\t\t<\/section>\n\t\t\t\t<section class=\"elementor-section elementor-top-section elementor-element elementor-element-0f5fbed elementor-section-boxed elementor-section-height-default elementor-section-height-default\" data-id=\"0f5fbed\" data-element_type=\"section\" data-e-type=\"section\">\n\t\t\t\t\t\t<div class=\"elementor-container elementor-column-gap-default\">\n\t\t\t\t\t<div class=\"elementor-column elementor-col-100 elementor-top-column elementor-element elementor-element-619a7a0\" data-id=\"619a7a0\" data-element_type=\"column\" data-e-type=\"column\">\n\t\t\t<div class=\"elementor-widget-wrap elementor-element-populated\">\n\t\t\t\t\t\t\t<\/div>\n\t\t<\/div>\n\t\t\t\t\t<\/div>\n\t\t<\/section>\n\t\t\t\t<section class=\"elementor-section elementor-top-section elementor-element elementor-element-6e0cf79 elementor-section-boxed elementor-section-height-default elementor-section-height-default\" data-id=\"6e0cf79\" data-element_type=\"section\" data-e-type=\"section\">\n\t\t\t\t\t\t<div class=\"elementor-container elementor-column-gap-default\">\n\t\t\t\t\t<div class=\"elementor-column elementor-col-100 elementor-top-column elementor-element elementor-element-55206d0\" data-id=\"55206d0\" data-element_type=\"column\" data-e-type=\"column\">\n\t\t\t<div class=\"elementor-widget-wrap\">\n\t\t\t\t\t\t\t<\/div>\n\t\t<\/div>\n\t\t\t\t\t<\/div>\n\t\t<\/section>\n\t\t\t\t<\/div>\n\t\t","protected":false},"excerpt":{"rendered":"<p>Terapia Individual Si est\u00e1s pensando en acudir a terapia probablemente has alcanzado un nivel de estr\u00e9s interno lo suficientemente profundo. Seguramente vives en un mar de emociones que te mantienen atrapado en el mismo punto y, a pesar de tener recursos personales que en ocasiones normales te permiten manejarse con normalidad, te sientes incapaz de [&hellip;]<\/p>\n","protected":false},"author":1,"featured_media":0,"parent":45,"menu_order":1,"comment_status":"closed","ping_status":"closed","template":"","meta":{"footnotes":""},"class_list":["post-50","page","type-page","status-publish","hentry"],"blocksy_meta":[],"_links":{"self":[{"href":"https:\/\/arantzaortizdeurbina.com\/index.php\/wp-json\/wp\/v2\/pages\/50","targetHints":{"allow":["GET"]}}],"collection":[{"href":"https:\/\/arantzaortizdeurbina.com\/index.php\/wp-json\/wp\/v2\/pages"}],"about":[{"href":"https:\/\/arantzaortizdeurbina.com\/index.php\/wp-json\/wp\/v2\/types\/page"}],"author":[{"embeddable":true,"href":"https:\/\/arantzaortizdeurbina.com\/index.php\/wp-json\/wp\/v2\/users\/1"}],"replies":[{"embeddable":true,"href":"https:\/\/arantzaortizdeurbina.com\/index.php\/wp-json\/wp\/v2\/comments?post=50"}],"version-history":[{"count":22,"href":"https:\/\/arantzaortizdeurbina.com\/index.php\/wp-json\/wp\/v2\/pages\/50\/revisions"}],"predecessor-version":[{"id":662,"href":"https:\/\/arantzaortizdeurbina.com\/index.php\/wp-json\/wp\/v2\/pages\/50\/revisions\/662"}],"up":[{"embeddable":true,"href":"https:\/\/arantzaortizdeurbina.com\/index.php\/wp-json\/wp\/v2\/pages\/45"}],"wp:attachment":[{"href":"https:\/\/arantzaortizdeurbina.com\/index.php\/wp-json\/wp\/v2\/media?parent=50"}],"curies":[{"name":"wp","href":"https:\/\/api.w.org\/{rel}","templated":true}]}}