{"id":45,"date":"2021-07-27T19:03:01","date_gmt":"2021-07-27T19:03:01","guid":{"rendered":"https:\/\/arantzaortizdeurbina.com\/?page_id=45"},"modified":"2021-08-28T19:18:31","modified_gmt":"2021-08-28T19:18:31","slug":"tratamiento","status":"publish","type":"page","link":"https:\/\/arantzaortizdeurbina.com\/index.php\/tratamiento\/","title":{"rendered":"Tratamiento"},"content":{"rendered":"\t\t<div data-elementor-type=\"wp-page\" data-elementor-id=\"45\" class=\"elementor elementor-45\">\n\t\t\t\t\t\t<section class=\"elementor-section elementor-top-section elementor-element elementor-element-87ee032 elementor-section-boxed elementor-section-height-default elementor-section-height-default\" data-id=\"87ee032\" data-element_type=\"section\" data-e-type=\"section\">\n\t\t\t\t\t\t<div class=\"elementor-container elementor-column-gap-default\">\n\t\t\t\t\t<div class=\"elementor-column elementor-col-100 elementor-top-column elementor-element elementor-element-51e4779\" data-id=\"51e4779\" data-element_type=\"column\" data-e-type=\"column\">\n\t\t\t<div class=\"elementor-widget-wrap elementor-element-populated\">\n\t\t\t\t\t\t<div class=\"elementor-element elementor-element-295729f elementor-widget elementor-widget-heading\" data-id=\"295729f\" data-element_type=\"widget\" data-e-type=\"widget\" data-widget_type=\"heading.default\">\n\t\t\t\t<div class=\"elementor-widget-container\">\n\t\t\t\t\t<div class=\"elementor-heading-title elementor-size-xl\">Tratamiento<\/div>\t\t\t\t<\/div>\n\t\t\t\t<\/div>\n\t\t\t\t<div class=\"elementor-element elementor-element-b992d94 elementor-widget-divider--view-line elementor-widget elementor-widget-divider\" data-id=\"b992d94\" data-element_type=\"widget\" data-e-type=\"widget\" data-widget_type=\"divider.default\">\n\t\t\t\t<div class=\"elementor-widget-container\">\n\t\t\t\t\t\t\t<div class=\"elementor-divider\">\n\t\t\t<span class=\"elementor-divider-separator\">\n\t\t\t\t\t\t<\/span>\n\t\t<\/div>\n\t\t\t\t\t\t<\/div>\n\t\t\t\t<\/div>\n\t\t\t\t\t<\/div>\n\t\t<\/div>\n\t\t\t\t\t<\/div>\n\t\t<\/section>\n\t\t\t\t<section class=\"elementor-section elementor-top-section elementor-element elementor-element-bd19279 elementor-section-boxed elementor-section-height-default elementor-section-height-default\" data-id=\"bd19279\" data-element_type=\"section\" data-e-type=\"section\">\n\t\t\t\t\t\t<div class=\"elementor-container elementor-column-gap-default\">\n\t\t\t\t\t<div class=\"elementor-column elementor-col-100 elementor-top-column elementor-element elementor-element-486ef1a\" data-id=\"486ef1a\" data-element_type=\"column\" data-e-type=\"column\">\n\t\t\t<div class=\"elementor-widget-wrap elementor-element-populated\">\n\t\t\t\t\t\t<div class=\"elementor-element elementor-element-118631c elementor-widget elementor-widget-text-editor\" data-id=\"118631c\" data-element_type=\"widget\" data-e-type=\"widget\" data-widget_type=\"text-editor.default\">\n\t\t\t\t<div class=\"elementor-widget-container\">\n\t\t\t\t\t\t\t\t\t<p>La terapia es un proceso de conocimiento personal. Es un <span style=\"color: #808080;\">trabajo interno<\/span> en el que recorrer\u00e1s tu propia tierra para descubrir c\u00f3mo es tu manera de pensar, sentir y c\u00f3mo te relacionas con el mundo. Aprender\u00e1s a observar tus pasos de manera amable y objetiva reconociendo tus miedos, carencias, recursos y habilidades. Podr\u00e1s superar las dificultades a trav\u00e9s del <span style=\"color: #808080;\">cambio.<\/span><\/p><p>El <span style=\"color: #808080;\">objetivo <\/span>es alcanzar estabilidad, auto-confianza y un estado de \u00e1nimo que permita disfrutar de la vida, integrando diferentes \u00e1reas del ser humano: f\u00edsico, psicoemocional, social y espiritual.\u00a0<\/p>\t\t\t\t\t\t\t\t<\/div>\n\t\t\t\t<\/div>\n\t\t\t\t<div class=\"elementor-element elementor-element-08fed97 elementor-widget elementor-widget-heading\" data-id=\"08fed97\" data-element_type=\"widget\" data-e-type=\"widget\" data-widget_type=\"heading.default\">\n\t\t\t\t<div class=\"elementor-widget-container\">\n\t\t\t\t\t<h2 class=\"elementor-heading-title elementor-size-default\">Fases del Tratamiento:<\/h2>\t\t\t\t<\/div>\n\t\t\t\t<\/div>\n\t\t\t\t\t<\/div>\n\t\t<\/div>\n\t\t\t\t\t<\/div>\n\t\t<\/section>\n\t\t\t\t<section class=\"elementor-section elementor-top-section elementor-element elementor-element-5e199e7 elementor-section-boxed elementor-section-height-default elementor-section-height-default\" data-id=\"5e199e7\" data-element_type=\"section\" data-e-type=\"section\">\n\t\t\t\t\t\t<div class=\"elementor-container elementor-column-gap-default\">\n\t\t\t\t\t<div class=\"elementor-column elementor-col-100 elementor-top-column elementor-element elementor-element-c3288c1\" data-id=\"c3288c1\" data-element_type=\"column\" data-e-type=\"column\">\n\t\t\t<div class=\"elementor-widget-wrap elementor-element-populated\">\n\t\t\t\t\t\t<div class=\"elementor-element elementor-element-000bde0 elementor-widget elementor-widget-text-editor\" data-id=\"000bde0\" data-element_type=\"widget\" data-e-type=\"widget\" data-widget_type=\"text-editor.default\">\n\t\t\t\t<div class=\"elementor-widget-container\">\n\t\t\t\t\t\t\t\t\t<p>Evaluaci\u00f3n:<\/p>\t\t\t\t\t\t\t\t<\/div>\n\t\t\t\t<\/div>\n\t\t\t\t<div class=\"elementor-element elementor-element-0199e41 elementor-widget elementor-widget-text-editor\" data-id=\"0199e41\" data-element_type=\"widget\" data-e-type=\"widget\" data-widget_type=\"text-editor.default\">\n\t\t\t\t<div class=\"elementor-widget-container\">\n\t\t\t\t\t\t\t\t\t<p>En las primeras sesiones se recogen datos de identificaci\u00f3n general, as\u00ed como informaci\u00f3n relevante para entender y encuadrar bien la situaci\u00f3n a tratar. Tambi\u00e9n buscaremos antecedentes personales y familiares. Todo ello nos dar\u00e1 una idea precisa de cu\u00e1les son los elementos cruciales que han originado el problema y por d\u00f3nde tenemos que empezar a trabajar.<\/p><p>Gracias a este proceso podr\u00e1s entender el origen del problema y c\u00f3mo te est\u00e1 afectando, comprendiendo cu\u00e1les son los factores que lo mantienen. Tambi\u00e9n estudiaremos en qu\u00e9 medida hay otras \u00e1reas de tu vida afectadas: familiar, laboral y social.<\/p><p>De esa manera podremos establecer mutuamente los objetivos y marcar un plan de tratamiento. Es importante llevar a cabo todas las indicaciones para la terapia.<\/p><p>La frecuencia de las sesiones se adapta a la necesidad y disponibilidad de cada persona.<\/p><p>\u00a0<\/p>\t\t\t\t\t\t\t\t<\/div>\n\t\t\t\t<\/div>\n\t\t\t\t<div class=\"elementor-element elementor-element-a2d1257 elementor-widget elementor-widget-text-editor\" data-id=\"a2d1257\" data-element_type=\"widget\" data-e-type=\"widget\" data-widget_type=\"text-editor.default\">\n\t\t\t\t<div class=\"elementor-widget-container\">\n\t\t\t\t\t\t\t\t\t<p>Intervenci\u00f3n:<\/p>\t\t\t\t\t\t\t\t<\/div>\n\t\t\t\t<\/div>\n\t\t\t\t<div class=\"elementor-element elementor-element-2f72f70 elementor-widget elementor-widget-text-editor\" data-id=\"2f72f70\" data-element_type=\"widget\" data-e-type=\"widget\" data-widget_type=\"text-editor.default\">\n\t\t\t\t<div class=\"elementor-widget-container\">\n\t\t\t\t\t\t\t\t\t<p>El abordaje depender\u00e1 de cada individuo y de sus caracter\u00edsticas personales, por eso el trabajo terap\u00e9utico es totalmente<span style=\"color: #808080;\"> personalizado<\/span> atendiendo a la demanda espec\u00edfica.<\/p><p>Durante las sesiones se realizar\u00e1n diferentes ejercicios (escritos, creativos, relajaci\u00f3n\u2026) utilizando diversas t\u00e9cnicas y siempre teniendo en cuenta el objetivo sobre el cual estamos trabajando.<br \/>A menudo, al finalizar la sesi\u00f3n se dar\u00e1n ciertas <span style=\"color: #808080;\">pautas o ejercicios <\/span>para seguir practicando durante la semana, de manera que lo que se ha logrado en la sesi\u00f3n pueda consolidarse. Tambi\u00e9n as\u00ed podremos darnos cuenta de si hay alg\u00fan otro elemento o est\u00edmulo que est\u00e1 interfiriendo en el buen desarrollo del tratamiento.<\/p><p>Para lograr los objetivos es fundamental el<span style=\"color: #808080;\"> compromiso<\/span> por ambas partes en la realizaci\u00f3n de los trabajos. De ello depende parte del \u00e9xito.<\/p><p>A lo largo de todo el proceso se proporcionar\u00e1n sencillas t\u00e9cnicas para poderlas integrar en la vida cotidiana de una manera f\u00e1cil y c\u00f3moda.<\/p>\t\t\t\t\t\t\t\t<\/div>\n\t\t\t\t<\/div>\n\t\t\t\t<div class=\"elementor-element elementor-element-dfcf940 elementor-widget elementor-widget-text-editor\" data-id=\"dfcf940\" data-element_type=\"widget\" data-e-type=\"widget\" data-widget_type=\"text-editor.default\">\n\t\t\t\t<div class=\"elementor-widget-container\">\n\t\t\t\t\t\t\t\t\t<p>Seguimiento:<\/p>\t\t\t\t\t\t\t\t<\/div>\n\t\t\t\t<\/div>\n\t\t\t\t<div class=\"elementor-element elementor-element-b7ef038 elementor-widget elementor-widget-text-editor\" data-id=\"b7ef038\" data-element_type=\"widget\" data-e-type=\"widget\" data-widget_type=\"text-editor.default\">\n\t\t\t\t<div class=\"elementor-widget-container\">\n\t\t\t\t\t\t\t\t\t<p>En esta fase los objetivos principales se habr\u00e1n conseguido y las sesiones empezar\u00e1n a espaciarse. Durante este periodo comprobaremos c\u00f3mo se desenvuelve la persona en su vida cotidiana, respetando el ritmo y el progreso del proceso.\u00a0 Es posible que surjan peque\u00f1as crisis y ser\u00e1 necesario abordarlas de nuevo. Seguiremos trabajando para resolverlas, entendiendo qu\u00e9 ha pasado y utilizando nuevas estrategias.<\/p><p>Una vez cumplidos e integrados los objetivos marcados se acordar\u00e1 por ambas partes la fecha de alta.<\/p>\t\t\t\t\t\t\t\t<\/div>\n\t\t\t\t<\/div>\n\t\t\t\t<div class=\"elementor-element elementor-element-83f78c0 elementor-widget elementor-widget-text-editor\" data-id=\"83f78c0\" data-element_type=\"widget\" data-e-type=\"widget\" data-widget_type=\"text-editor.default\">\n\t\t\t\t<div class=\"elementor-widget-container\">\n\t\t\t\t\t\t\t\t\t<p>Indicaciones para la terapia:<\/p>\t\t\t\t\t\t\t\t<\/div>\n\t\t\t\t<\/div>\n\t\t\t\t<div class=\"elementor-element elementor-element-1851523 elementor-widget elementor-widget-text-editor\" data-id=\"1851523\" data-element_type=\"widget\" data-e-type=\"widget\" data-widget_type=\"text-editor.default\">\n\t\t\t\t<div class=\"elementor-widget-container\">\n\t\t\t\t\t\t\t\t\t<p>Para optimizar la eficacia del tratamiento hay que tener en cuenta:<\/p><ol><li>La informaci\u00f3n es totalmente confidencial y tus datos est\u00e1n protegidos.<\/li><li>Es importante acudir a todas las sesiones que se han concertado al comienzo del tratamiento. En las primeras sesiones se establecen los objetivos y se marca una planificaci\u00f3n.<\/li><li>Si por alguna raz\u00f3n tienes que cancelar una cita, avisa con tiempo suficiente para que otra persona pueda ocupar tu lugar en caso necesario. Si se avisa con menos de 24 horas de antelaci\u00f3n se abonar\u00e1 la sesi\u00f3n completa.\u00a0<\/li><li>Las sesiones individuales duran 60 minutos, procura ser puntual para aprovechar el tiempo al m\u00e1ximo.<\/li><li>La duraci\u00f3n de las sesiones de terapia familiar y de pareja son 1 hora y media aproximadamente.<\/li><\/ol>\t\t\t\t\t\t\t\t<\/div>\n\t\t\t\t<\/div>\n\t\t\t\t\t<\/div>\n\t\t<\/div>\n\t\t\t\t\t<\/div>\n\t\t<\/section>\n\t\t\t\t<\/div>\n\t\t","protected":false},"excerpt":{"rendered":"<p>Tratamiento La terapia es un proceso de conocimiento personal. Es un trabajo interno en el que recorrer\u00e1s tu propia tierra para descubrir c\u00f3mo es tu manera de pensar, sentir y c\u00f3mo te relacionas con el mundo. Aprender\u00e1s a observar tus pasos de manera amable y objetiva reconociendo tus miedos, carencias, recursos y habilidades. Podr\u00e1s superar [&hellip;]<\/p>\n","protected":false},"author":1,"featured_media":0,"parent":0,"menu_order":0,"comment_status":"closed","ping_status":"closed","template":"","meta":{"footnotes":""},"class_list":["post-45","page","type-page","status-publish","hentry"],"blocksy_meta":[],"_links":{"self":[{"href":"https:\/\/arantzaortizdeurbina.com\/index.php\/wp-json\/wp\/v2\/pages\/45","targetHints":{"allow":["GET"]}}],"collection":[{"href":"https:\/\/arantzaortizdeurbina.com\/index.php\/wp-json\/wp\/v2\/pages"}],"about":[{"href":"https:\/\/arantzaortizdeurbina.com\/index.php\/wp-json\/wp\/v2\/types\/page"}],"author":[{"embeddable":true,"href":"https:\/\/arantzaortizdeurbina.com\/index.php\/wp-json\/wp\/v2\/users\/1"}],"replies":[{"embeddable":true,"href":"https:\/\/arantzaortizdeurbina.com\/index.php\/wp-json\/wp\/v2\/comments?post=45"}],"version-history":[{"count":59,"href":"https:\/\/arantzaortizdeurbina.com\/index.php\/wp-json\/wp\/v2\/pages\/45\/revisions"}],"predecessor-version":[{"id":721,"href":"https:\/\/arantzaortizdeurbina.com\/index.php\/wp-json\/wp\/v2\/pages\/45\/revisions\/721"}],"wp:attachment":[{"href":"https:\/\/arantzaortizdeurbina.com\/index.php\/wp-json\/wp\/v2\/media?parent=45"}],"curies":[{"name":"wp","href":"https:\/\/api.w.org\/{rel}","templated":true}]}}