{"id":40,"date":"2021-07-27T19:02:33","date_gmt":"2021-07-27T19:02:33","guid":{"rendered":"https:\/\/arantzaortizdeurbina.com\/?page_id=40"},"modified":"2021-08-28T20:28:47","modified_gmt":"2021-08-28T20:28:47","slug":"sobre-mi","status":"publish","type":"page","link":"https:\/\/arantzaortizdeurbina.com\/index.php\/sobre-mi\/","title":{"rendered":"Sobre M\u00ed"},"content":{"rendered":"\t\t<div data-elementor-type=\"wp-page\" data-elementor-id=\"40\" class=\"elementor elementor-40\">\n\t\t\t\t\t\t<section class=\"elementor-section elementor-top-section elementor-element elementor-element-62ab13d elementor-section-boxed elementor-section-height-default elementor-section-height-default\" data-id=\"62ab13d\" data-element_type=\"section\" data-e-type=\"section\">\n\t\t\t\t\t\t<div class=\"elementor-container elementor-column-gap-default\">\n\t\t\t\t\t<div class=\"elementor-column elementor-col-100 elementor-top-column elementor-element elementor-element-8e9e856\" data-id=\"8e9e856\" data-element_type=\"column\" data-e-type=\"column\">\n\t\t\t<div class=\"elementor-widget-wrap elementor-element-populated\">\n\t\t\t\t\t\t<div class=\"elementor-element elementor-element-0774fdd elementor-widget elementor-widget-heading\" data-id=\"0774fdd\" data-element_type=\"widget\" data-e-type=\"widget\" data-widget_type=\"heading.default\">\n\t\t\t\t<div class=\"elementor-widget-container\">\n\t\t\t\t\t<div class=\"elementor-heading-title elementor-size-xl\">Sobre M\u00ed<\/div>\t\t\t\t<\/div>\n\t\t\t\t<\/div>\n\t\t\t\t\t<\/div>\n\t\t<\/div>\n\t\t\t\t\t<\/div>\n\t\t<\/section>\n\t\t\t\t<section class=\"elementor-section elementor-top-section elementor-element elementor-element-f0e26c7 elementor-section-boxed elementor-section-height-default elementor-section-height-default\" data-id=\"f0e26c7\" data-element_type=\"section\" data-e-type=\"section\">\n\t\t\t\t\t\t<div class=\"elementor-container elementor-column-gap-default\">\n\t\t\t\t\t<div class=\"elementor-column elementor-col-100 elementor-top-column elementor-element elementor-element-875dced\" data-id=\"875dced\" data-element_type=\"column\" data-e-type=\"column\">\n\t\t\t<div class=\"elementor-widget-wrap elementor-element-populated\">\n\t\t\t\t\t\t<div class=\"elementor-element elementor-element-cedb3da elementor-widget-divider--view-line elementor-widget elementor-widget-divider\" data-id=\"cedb3da\" data-element_type=\"widget\" data-e-type=\"widget\" data-widget_type=\"divider.default\">\n\t\t\t\t<div class=\"elementor-widget-container\">\n\t\t\t\t\t\t\t<div class=\"elementor-divider\">\n\t\t\t<span class=\"elementor-divider-separator\">\n\t\t\t\t\t\t<\/span>\n\t\t<\/div>\n\t\t\t\t\t\t<\/div>\n\t\t\t\t<\/div>\n\t\t\t\t\t<\/div>\n\t\t<\/div>\n\t\t\t\t\t<\/div>\n\t\t<\/section>\n\t\t\t\t<section class=\"elementor-section elementor-top-section elementor-element elementor-element-a36c52b elementor-section-boxed elementor-section-height-default elementor-section-height-default\" data-id=\"a36c52b\" data-element_type=\"section\" data-e-type=\"section\">\n\t\t\t\t\t\t<div class=\"elementor-container elementor-column-gap-default\">\n\t\t\t\t\t<div class=\"elementor-column elementor-col-50 elementor-top-column elementor-element elementor-element-4dc38f8\" data-id=\"4dc38f8\" data-element_type=\"column\" data-e-type=\"column\">\n\t\t\t<div class=\"elementor-widget-wrap elementor-element-populated\">\n\t\t\t\t\t\t<div class=\"elementor-element elementor-element-75754f2 elementor-widget elementor-widget-heading\" data-id=\"75754f2\" data-element_type=\"widget\" data-e-type=\"widget\" data-widget_type=\"heading.default\">\n\t\t\t\t<div class=\"elementor-widget-container\">\n\t\t\t\t\t<h2 class=\"elementor-heading-title elementor-size-default\">Mis acreditaciones:<\/h2>\t\t\t\t<\/div>\n\t\t\t\t<\/div>\n\t\t\t\t<div class=\"elementor-element elementor-element-55b98a4 elementor-widget elementor-widget-text-editor\" data-id=\"55b98a4\" data-element_type=\"widget\" data-e-type=\"widget\" data-widget_type=\"text-editor.default\">\n\t\t\t\t<div class=\"elementor-widget-container\">\n\t\t\t\t\t\t\t\t\t<ul><li>Licenciada en Psicolog\u00eda por la Universidad Complutense de Madrid<\/li><li>Psic\u00f3loga sanitaria acreditada por la Junta de Andaluc\u00eda, colegiada n\u00baAN-3613<\/li><li>Habilitada como Psic\u00f3loga Sanitaria<\/li><li>Experta SHEC adultos e infantil (Sincronizci\u00f3n de los Hemisferios Cerebrales)<\/li><li>Especialista en Trauma EMDR<\/li><li>Terapeuta en ICV (Integraci\u00f3n del ciclo vital)<\/li><li>Psicoterapeuta individual y de pareja<\/li><li>Psicoterapeuta de familia<\/li><\/ul><p style=\"font-style: normal; font-variant-ligatures: normal; font-variant-caps: normal; font-weight: 400; font-size: 17px; font-family: Roboto, sans-serif;\">\u00a0<\/p>\t\t\t\t\t\t\t\t<\/div>\n\t\t\t\t<\/div>\n\t\t\t\t\t<\/div>\n\t\t<\/div>\n\t\t\t\t<div class=\"elementor-column elementor-col-50 elementor-top-column elementor-element elementor-element-088091c\" data-id=\"088091c\" data-element_type=\"column\" data-e-type=\"column\">\n\t\t\t<div class=\"elementor-widget-wrap elementor-element-populated\">\n\t\t\t\t\t\t<div class=\"elementor-element elementor-element-0bd2ead elementor-widget elementor-widget-image\" data-id=\"0bd2ead\" data-element_type=\"widget\" data-e-type=\"widget\" data-widget_type=\"image.default\">\n\t\t\t\t<div class=\"elementor-widget-container\">\n\t\t\t\t\t\t\t\t\t\t\t\t\t\t\t<img fetchpriority=\"high\" decoding=\"async\" width=\"497\" height=\"590\" src=\"https:\/\/arantzaortizdeurbina.com\/wp-content\/uploads\/2021\/07\/perfil-aran.jpg\" class=\"attachment-large size-large wp-image-241\" alt=\"\" srcset=\"https:\/\/arantzaortizdeurbina.com\/wp-content\/uploads\/2021\/07\/perfil-aran.jpg 497w, https:\/\/arantzaortizdeurbina.com\/wp-content\/uploads\/2021\/07\/perfil-aran-253x300.jpg 253w, https:\/\/arantzaortizdeurbina.com\/wp-content\/uploads\/2021\/07\/perfil-aran-126x150.jpg 126w\" sizes=\"(max-width: 497px) 100vw, 497px\" \/>\t\t\t\t\t\t\t\t\t\t\t\t\t\t\t<\/div>\n\t\t\t\t<\/div>\n\t\t\t\t\t<\/div>\n\t\t<\/div>\n\t\t\t\t\t<\/div>\n\t\t<\/section>\n\t\t\t\t<section class=\"elementor-section elementor-top-section elementor-element elementor-element-7b9bdd4 elementor-section-boxed elementor-section-height-default elementor-section-height-default\" data-id=\"7b9bdd4\" data-element_type=\"section\" data-e-type=\"section\">\n\t\t\t\t\t\t<div class=\"elementor-container elementor-column-gap-default\">\n\t\t\t\t\t<div class=\"elementor-column elementor-col-100 elementor-top-column elementor-element elementor-element-5a19b92\" data-id=\"5a19b92\" data-element_type=\"column\" data-e-type=\"column\">\n\t\t\t<div class=\"elementor-widget-wrap elementor-element-populated\">\n\t\t\t\t\t\t<div class=\"elementor-element elementor-element-3b223db elementor-widget-divider--view-line elementor-widget elementor-widget-divider\" data-id=\"3b223db\" data-element_type=\"widget\" data-e-type=\"widget\" data-widget_type=\"divider.default\">\n\t\t\t\t<div class=\"elementor-widget-container\">\n\t\t\t\t\t\t\t<div class=\"elementor-divider\">\n\t\t\t<span class=\"elementor-divider-separator\">\n\t\t\t\t\t\t<\/span>\n\t\t<\/div>\n\t\t\t\t\t\t<\/div>\n\t\t\t\t<\/div>\n\t\t\t\t<div class=\"elementor-element elementor-element-3a0c023 elementor-widget elementor-widget-text-editor\" data-id=\"3a0c023\" data-element_type=\"widget\" data-e-type=\"widget\" data-widget_type=\"text-editor.default\">\n\t\t\t\t<div class=\"elementor-widget-container\">\n\t\t\t\t\t\t\t\t\t<p>Tengo una amplia experiencia de m\u00e1s de 28 a\u00f1os de trabajo. Mi actividad profesional como psic\u00f3loga se desarrolla a partir de 1993, cuando decido venir al sur y establecerme en Arcos de la Frontera. Me especializo en el tema de las adicciones en la Fundaci\u00f3n Girasol (Arcos de la Frontera), donde hoy en d\u00eda sigo prestando mis servicios. Compatibilizo esta actividad con la consulta privada, la formaci\u00f3n y la realizaci\u00f3n de retiros de fin de semana.<\/p>\t\t\t\t\t\t\t\t<\/div>\n\t\t\t\t<\/div>\n\t\t\t\t\t<\/div>\n\t\t<\/div>\n\t\t\t\t\t<\/div>\n\t\t<\/section>\n\t\t\t\t<section class=\"elementor-section elementor-top-section elementor-element elementor-element-c54af7a elementor-section-boxed elementor-section-height-default elementor-section-height-default\" data-id=\"c54af7a\" data-element_type=\"section\" data-e-type=\"section\">\n\t\t\t\t\t\t<div class=\"elementor-container elementor-column-gap-default\">\n\t\t\t\t\t<div class=\"elementor-column elementor-col-100 elementor-top-column elementor-element elementor-element-cc597e6\" data-id=\"cc597e6\" data-element_type=\"column\" data-e-type=\"column\">\n\t\t\t<div class=\"elementor-widget-wrap elementor-element-populated\">\n\t\t\t\t\t\t<div class=\"elementor-element elementor-element-2b672c4 elementor-widget elementor-widget-text-editor\" data-id=\"2b672c4\" data-element_type=\"widget\" data-e-type=\"widget\" data-widget_type=\"text-editor.default\">\n\t\t\t\t<div class=\"elementor-widget-container\">\n\t\t\t\t\t\t\t\t\t<p>Considero imprescindible avanzar en mi formaci\u00f3n personal, y entre muchas otras disciplinas, puedo aportar estos datos curriculares:<\/p><ul><li>Especialista en adicciones, ansiedad, depresi\u00f3n, miedos, trastornos del \u00e1nimo, baja autoestima.<\/li><li>Experta en terapia de grupo<\/li><li>Psicoterapeuta familiar sist\u00e9mica (Grupo Naven)<\/li><li>Experta en t\u00e9cnicas de meditaci\u00f3n y relajaci\u00f3n (Relajaci\u00f3n Creativa)<\/li><li>Formaci\u00f3n completa en Proceso Creativo<\/li><li>Operadora Biom\u00fasica International<\/li><li>Master-Practitioner en PNL (Programaci\u00f3n Neuroling\u00fc\u00edstica) Escuela de Desarrollo Personal- \u00e1rea PNL<\/li><li>Certificaci\u00f3n CAP (Curso Aptitud Pedag\u00f3gica)<\/li><\/ul>\t\t\t\t\t\t\t\t<\/div>\n\t\t\t\t<\/div>\n\t\t\t\t<div class=\"elementor-element elementor-element-bcd3969 elementor-widget elementor-widget-heading\" data-id=\"bcd3969\" data-element_type=\"widget\" data-e-type=\"widget\" data-widget_type=\"heading.default\">\n\t\t\t\t<div class=\"elementor-widget-container\">\n\t\t\t\t\t<h2 class=\"elementor-heading-title elementor-size-default\">Otras actividades profesionales:<\/h2>\t\t\t\t<\/div>\n\t\t\t\t<\/div>\n\t\t\t\t<div class=\"elementor-element elementor-element-8a0a3cc elementor-widget elementor-widget-text-editor\" data-id=\"8a0a3cc\" data-element_type=\"widget\" data-e-type=\"widget\" data-widget_type=\"text-editor.default\">\n\t\t\t\t<div class=\"elementor-widget-container\">\n\t\t\t\t\t\t\t\t\t<ul><li>Tutora de pr\u00e1cticas de psicolog\u00eda de alumnos de diferentes universidades, en Fundaci\u00f3n Girasol, desde el a\u00f1o 2015.<\/li><li>Curso de Manejo de la Ansiedad, Hospital Universitario de Puerto Real (C\u00e1diz), abril 2007.<\/li><li>Formadora en relajaci\u00f3n y musicoterapia con grupos de mujeres, Casa de las Mujeres, Jerez de la Frontera, (2007-2009).<\/li><li>Formaci\u00f3n continua para el alumnado en Sexualidad y Relaciones Afectivas en el IES Guadalpe\u00f1a, Arcos de la Frontera (C\u00e1diz), cursos 2006 \u2013 2010.<\/li><li>Participaci\u00f3n en numerosos congresos, seminarios, radio y televisi\u00f3n.<\/li><\/ul><h5>\u00a0<\/h5>\t\t\t\t\t\t\t\t<\/div>\n\t\t\t\t<\/div>\n\t\t\t\t<div class=\"elementor-element elementor-element-006be08 elementor-widget elementor-widget-text-editor\" data-id=\"006be08\" data-element_type=\"widget\" data-e-type=\"widget\" data-widget_type=\"text-editor.default\">\n\t\t\t\t<div class=\"elementor-widget-container\">\n\t\t\t\t\t\t\t\t\t<blockquote><h5><span style=\"color: #999999;\">Me considero una persona emp\u00e1tica y paciente, s\u00e9 escuchar y me gusta llegar a un consenso. Soy vital y alegre, procuro encontrar el lado positivo a todo lo que sucede, valoro el respeto, la honestidad y el humor. Sigo aprendiendo de mis experiencias y, sobre todo, aprendo de los dem\u00e1s. Mi familia, amigos y todos los pacientes a los que he atendido han aportado su granito de arena para llegar a ser como soy.<\/span><\/h5><\/blockquote>\t\t\t\t\t\t\t\t<\/div>\n\t\t\t\t<\/div>\n\t\t\t\t\t<\/div>\n\t\t<\/div>\n\t\t\t\t\t<\/div>\n\t\t<\/section>\n\t\t\t\t<\/div>\n\t\t","protected":false},"excerpt":{"rendered":"<p>Sobre M\u00ed Mis acreditaciones: Licenciada en Psicolog\u00eda por la Universidad Complutense de Madrid Psic\u00f3loga sanitaria acreditada por la Junta de Andaluc\u00eda, colegiada n\u00baAN-3613 Habilitada como Psic\u00f3loga Sanitaria Experta SHEC adultos e infantil (Sincronizci\u00f3n de los Hemisferios Cerebrales) Especialista en Trauma EMDR Terapeuta en ICV (Integraci\u00f3n del ciclo vital) Psicoterapeuta individual y de pareja Psicoterapeuta de [&hellip;]<\/p>\n","protected":false},"author":1,"featured_media":0,"parent":0,"menu_order":0,"comment_status":"closed","ping_status":"closed","template":"","meta":{"footnotes":""},"class_list":["post-40","page","type-page","status-publish","hentry"],"blocksy_meta":[],"_links":{"self":[{"href":"https:\/\/arantzaortizdeurbina.com\/index.php\/wp-json\/wp\/v2\/pages\/40","targetHints":{"allow":["GET"]}}],"collection":[{"href":"https:\/\/arantzaortizdeurbina.com\/index.php\/wp-json\/wp\/v2\/pages"}],"about":[{"href":"https:\/\/arantzaortizdeurbina.com\/index.php\/wp-json\/wp\/v2\/types\/page"}],"author":[{"embeddable":true,"href":"https:\/\/arantzaortizdeurbina.com\/index.php\/wp-json\/wp\/v2\/users\/1"}],"replies":[{"embeddable":true,"href":"https:\/\/arantzaortizdeurbina.com\/index.php\/wp-json\/wp\/v2\/comments?post=40"}],"version-history":[{"count":34,"href":"https:\/\/arantzaortizdeurbina.com\/index.php\/wp-json\/wp\/v2\/pages\/40\/revisions"}],"predecessor-version":[{"id":784,"href":"https:\/\/arantzaortizdeurbina.com\/index.php\/wp-json\/wp\/v2\/pages\/40\/revisions\/784"}],"wp:attachment":[{"href":"https:\/\/arantzaortizdeurbina.com\/index.php\/wp-json\/wp\/v2\/media?parent=40"}],"curies":[{"name":"wp","href":"https:\/\/api.w.org\/{rel}","templated":true}]}}